{"id":1824,"date":"2022-11-14T12:47:34","date_gmt":"2022-11-14T11:47:34","guid":{"rendered":"https:\/\/centrumpracy24.pl\/?page_id=1824"},"modified":"2025-09-26T10:48:31","modified_gmt":"2025-09-26T08:48:31","slug":"neuigkeiten","status":"publish","type":"page","link":"https:\/\/centrumpracy24.pl\/de\/neuigkeiten\/","title":{"rendered":"Neuigkeiten"},"content":{"rendered":"\t\t<div data-elementor-type=\"wp-page\" data-elementor-id=\"1824\" class=\"elementor elementor-1824 elementor-16\" data-elementor-post-type=\"page\">\n\t\t\t\t\t\t<section class=\"elementor-section elementor-top-section elementor-element elementor-element-31f83fb5 elementor-section-height-min-height elementor-section-boxed elementor-section-height-default elementor-section-items-middle\" data-id=\"31f83fb5\" data-element_type=\"section\" data-e-type=\"section\" data-settings=\"{&quot;background_background&quot;:&quot;classic&quot;}\">\n\t\t\t\t\t\t<div class=\"elementor-container elementor-column-gap-no\">\n\t\t\t\t\t<div class=\"elementor-column elementor-col-100 elementor-top-column elementor-element elementor-element-7efcbd58\" data-id=\"7efcbd58\" data-element_type=\"column\" data-e-type=\"column\">\n\t\t\t<div class=\"elementor-widget-wrap elementor-element-populated\">\n\t\t\t\t\t\t<div class=\"elementor-element elementor-element-207db868 elementor-widget elementor-widget-heading\" data-id=\"207db868\" data-element_type=\"widget\" data-e-type=\"widget\" data-widget_type=\"heading.default\">\n\t\t\t\t<div class=\"elementor-widget-container\">\n\t\t\t\t\t<h1 class=\"elementor-heading-title elementor-size-default\">Neuigkeiten<\/h1>\t\t\t\t<\/div>\n\t\t\t\t<\/div>\n\t\t\t\t<div class=\"elementor-element elementor-element-32cb447 elementor-widget-divider--view-line elementor-widget elementor-widget-divider\" data-id=\"32cb447\" data-element_type=\"widget\" data-e-type=\"widget\" data-widget_type=\"divider.default\">\n\t\t\t\t<div class=\"elementor-widget-container\">\n\t\t\t\t\t\t\t<div class=\"elementor-divider\">\n\t\t\t<span class=\"elementor-divider-separator\">\n\t\t\t\t\t\t<\/span>\n\t\t<\/div>\n\t\t\t\t\t\t<\/div>\n\t\t\t\t<\/div>\n\t\t\t\t\t<\/div>\n\t\t<\/div>\n\t\t\t\t\t<\/div>\n\t\t<\/section>\n\t\t\t\t<section class=\"elementor-section elementor-top-section elementor-element elementor-element-ab42add elementor-section-boxed elementor-section-height-default elementor-section-height-default\" data-id=\"ab42add\" data-element_type=\"section\" data-e-type=\"section\">\n\t\t\t\t\t\t<div class=\"elementor-container elementor-column-gap-default\">\n\t\t\t\t\t<div class=\"elementor-column elementor-col-100 elementor-top-column elementor-element elementor-element-f39287e\" data-id=\"f39287e\" data-element_type=\"column\" data-e-type=\"column\">\n\t\t\t<div class=\"elementor-widget-wrap elementor-element-populated\">\n\t\t\t\t\t\t<div class=\"elementor-element elementor-element-aa12808 elementor-widget elementor-widget-heading\" data-id=\"aa12808\" data-element_type=\"widget\" data-e-type=\"widget\" data-widget_type=\"heading.default\">\n\t\t\t\t<div class=\"elementor-widget-container\">\n\t\t\t\t\t<h2 class=\"elementor-heading-title elementor-size-default\">Herbst<\/h2>\t\t\t\t<\/div>\n\t\t\t\t<\/div>\n\t\t\t\t\t<\/div>\n\t\t<\/div>\n\t\t\t\t\t<\/div>\n\t\t<\/section>\n\t\t\t\t<section class=\"elementor-section elementor-top-section elementor-element elementor-element-c639e9a elementor-section-boxed elementor-section-height-default elementor-section-height-default\" data-id=\"c639e9a\" data-element_type=\"section\" data-e-type=\"section\">\n\t\t\t\t\t\t<div class=\"elementor-container elementor-column-gap-default\">\n\t\t\t\t\t<div class=\"elementor-column elementor-col-100 elementor-top-column elementor-element elementor-element-1cd9ccc\" data-id=\"1cd9ccc\" data-element_type=\"column\" data-e-type=\"column\">\n\t\t\t<div class=\"elementor-widget-wrap elementor-element-populated\">\n\t\t\t\t\t\t<div class=\"elementor-element elementor-element-3cfebe9 elementor-widget elementor-widget-image\" data-id=\"3cfebe9\" data-element_type=\"widget\" data-e-type=\"widget\" data-widget_type=\"image.default\">\n\t\t\t\t<div class=\"elementor-widget-container\">\n\t\t\t\t\t\t\t\t\t\t\t\t\t\t\t<img fetchpriority=\"high\" decoding=\"async\" width=\"1024\" height=\"576\" src=\"https:\/\/centrumpracy24.pl\/wp-content\/uploads\/2025\/09\/Projekt-bez-nazwy-1024x576.jpg\" class=\"attachment-large size-large wp-image-2581\" alt=\"\" srcset=\"https:\/\/centrumpracy24.pl\/wp-content\/uploads\/2025\/09\/Projekt-bez-nazwy-1024x576.jpg 1024w, https:\/\/centrumpracy24.pl\/wp-content\/uploads\/2025\/09\/Projekt-bez-nazwy-300x169.jpg 300w, https:\/\/centrumpracy24.pl\/wp-content\/uploads\/2025\/09\/Projekt-bez-nazwy-768x432.jpg 768w, https:\/\/centrumpracy24.pl\/wp-content\/uploads\/2025\/09\/Projekt-bez-nazwy-1536x864.jpg 1536w, https:\/\/centrumpracy24.pl\/wp-content\/uploads\/2025\/09\/Projekt-bez-nazwy.jpg 1920w\" sizes=\"(max-width: 1024px) 100vw, 1024px\" \/>\t\t\t\t\t\t\t\t\t\t\t\t\t\t\t<\/div>\n\t\t\t\t<\/div>\n\t\t\t\t\t<\/div>\n\t\t<\/div>\n\t\t\t\t\t<\/div>\n\t\t<\/section>\n\t\t\t\t<section class=\"elementor-section elementor-top-section elementor-element elementor-element-61bb5c5 elementor-section-boxed elementor-section-height-default elementor-section-height-default\" data-id=\"61bb5c5\" data-element_type=\"section\" data-e-type=\"section\">\n\t\t\t\t\t\t<div class=\"elementor-container elementor-column-gap-default\">\n\t\t\t\t\t<div class=\"elementor-column elementor-col-100 elementor-top-column elementor-element elementor-element-52bea19\" data-id=\"52bea19\" data-element_type=\"column\" data-e-type=\"column\">\n\t\t\t<div class=\"elementor-widget-wrap elementor-element-populated\">\n\t\t\t\t\t\t<div class=\"elementor-element elementor-element-f0b3b4f elementor-widget elementor-widget-text-editor\" data-id=\"f0b3b4f\" data-element_type=\"widget\" data-e-type=\"widget\" data-widget_type=\"text-editor.default\">\n\t\t\t\t<div class=\"elementor-widget-container\">\n\t\t\t\t\t\t\t\t\t<p><span style=\"color: #800000;\"><strong>Herbst und Pflege \u2013 die Sch\u00f6nheit des Alltags in der Arbeit als Pflegekraft<\/strong><\/span><\/p><p><span style=\"color: #000000;\"><strong>Der Herbst<\/strong><\/span> ist eine Jahreszeit voller Reflexion. K\u00fcrzere Tage, bunte Bl\u00e4tter und der Duft von Tee mit Zimt und Nelken erinnern uns daran, dass jede Lebensphase ihren ganz eigenen Zauber hat. Genauso ist es in der Arbeit als Betreuungskraft f\u00fcr Senioren \u2013 die Begleitung \u00e4lterer Menschen in ihrem Lebensherbst ist nicht nur eine Aufgabe, sondern vor allem eine <span style=\"color: #800000;\">sch\u00f6ne Mission.<br \/><br \/><span style=\"color: #000000;\">Pflegekraft zu sein bedeutet weit mehr als nur Unterst\u00fctzung im Alltag. Es sind gemeinsame Spazierg\u00e4nge durch das goldene Laub, Gespr\u00e4che bei einer Tasse Kaffee, Erinnerungen an vergangene Zeiten, die oft ein L\u00e4cheln oder R\u00fchrung hervorrufen. F\u00fcr viele Senioren ist der Herbst eine Zeit der Einsamkeit darum gewinnt die Pr\u00e4senz einer Pflegekraft an besonderer Bedeutung.<\/span><br \/><\/span><\/p><p>Diese besondere Jahreszeit erinnert uns daran, innezuhalten, kleine Gesten wertzusch\u00e4tzen und anderen W\u00e4rme zu schenken. In der Pflegearbeit tr\u00e4gt genau diese Haltung dazu bei, dass der Alltag sowohl f\u00fcr die Senioren als auch f\u00fcr die Betreuungskr\u00e4fte leichter und erf\u00fcllter wird.<\/p><p>Wenn du \u00fcberlegst,<span style=\"color: #800000;\"> als Pflegekraft f\u00fcr Senioren<\/span> in Deutschland zu arbeiten, denke daran: Es ist nicht nur ein Job, sondern auch eine Gelegenheit, <strong><span style=\"color: #800000;\">ein wichtiger Teil im Lebensherbst eines Menschen zu werden.<\/span><\/strong><\/p><p>\u00a0<\/p><p>\u00a0<\/p>\t\t\t\t\t\t\t\t<\/div>\n\t\t\t\t<\/div>\n\t\t\t\t\t<\/div>\n\t\t<\/div>\n\t\t\t\t\t<\/div>\n\t\t<\/section>\n\t\t\t\t<section class=\"elementor-section elementor-top-section elementor-element elementor-element-240b747c elementor-section-height-min-height elementor-section-boxed elementor-section-height-default elementor-section-items-middle\" data-id=\"240b747c\" data-element_type=\"section\" data-e-type=\"section\" data-settings=\"{&quot;background_background&quot;:&quot;classic&quot;}\">\n\t\t\t\t\t\t<div class=\"elementor-container elementor-column-gap-no\">\n\t\t\t\t\t<div class=\"elementor-column elementor-col-100 elementor-top-column elementor-element elementor-element-1be767d1\" data-id=\"1be767d1\" data-element_type=\"column\" data-e-type=\"column\">\n\t\t\t<div class=\"elementor-widget-wrap elementor-element-populated\">\n\t\t\t\t\t\t<section class=\"elementor-section elementor-inner-section elementor-element elementor-element-5349a76e elementor-section-boxed elementor-section-height-default elementor-section-height-default\" data-id=\"5349a76e\" data-element_type=\"section\" data-e-type=\"section\">\n\t\t\t\t\t\t<div class=\"elementor-container elementor-column-gap-default\">\n\t\t\t\t\t<div class=\"elementor-column elementor-col-100 elementor-inner-column elementor-element elementor-element-58ff1306\" data-id=\"58ff1306\" data-element_type=\"column\" data-e-type=\"column\">\n\t\t\t<div class=\"elementor-widget-wrap elementor-element-populated\">\n\t\t\t\t\t\t<div class=\"elementor-element elementor-element-4712ba9 elementor-grid-3 elementor-grid-tablet-2 elementor-grid-mobile-1 elementor-posts--thumbnail-top elementor-widget elementor-widget-posts\" data-id=\"4712ba9\" data-element_type=\"widget\" data-e-type=\"widget\" data-settings=\"{&quot;classic_columns&quot;:&quot;3&quot;,&quot;classic_columns_tablet&quot;:&quot;2&quot;,&quot;classic_columns_mobile&quot;:&quot;1&quot;,&quot;classic_row_gap&quot;:{&quot;unit&quot;:&quot;px&quot;,&quot;size&quot;:35,&quot;sizes&quot;:[]},&quot;classic_row_gap_tablet&quot;:{&quot;unit&quot;:&quot;px&quot;,&quot;size&quot;:&quot;&quot;,&quot;sizes&quot;:[]},&quot;classic_row_gap_mobile&quot;:{&quot;unit&quot;:&quot;px&quot;,&quot;size&quot;:&quot;&quot;,&quot;sizes&quot;:[]}}\" data-widget_type=\"posts.classic\">\n\t\t\t\t<div class=\"elementor-widget-container\">\n\t\t\t\t\t\t\t<div class=\"elementor-posts-container elementor-posts elementor-posts--skin-classic elementor-grid\" role=\"list\">\n\t\t\t\t<article class=\"elementor-post elementor-grid-item post-1827 post type-post status-publish format-standard has-post-thumbnail hentry category-unkategorisiert\" role=\"listitem\">\n\t\t\t\t<a class=\"elementor-post__thumbnail__link\" href=\"https:\/\/centrumpracy24.pl\/de\/rechte-und-pflichten-von-betreuern-aelterer-menschen-in-deutschland\/\" tabindex=\"-1\" >\n\t\t\t<div class=\"elementor-post__thumbnail\"><img decoding=\"async\" width=\"300\" height=\"200\" src=\"https:\/\/centrumpracy24.pl\/wp-content\/uploads\/2022\/12\/Opieka-nad-seniorami-w-niemczech-2-300x200.jpg\" class=\"attachment-medium size-medium wp-image-1761\" alt=\"\" srcset=\"https:\/\/centrumpracy24.pl\/wp-content\/uploads\/2022\/12\/Opieka-nad-seniorami-w-niemczech-2-300x200.jpg 300w, https:\/\/centrumpracy24.pl\/wp-content\/uploads\/2022\/12\/Opieka-nad-seniorami-w-niemczech-2-1024x682.jpg 1024w, https:\/\/centrumpracy24.pl\/wp-content\/uploads\/2022\/12\/Opieka-nad-seniorami-w-niemczech-2-768x512.jpg 768w, https:\/\/centrumpracy24.pl\/wp-content\/uploads\/2022\/12\/Opieka-nad-seniorami-w-niemczech-2.jpg 1400w\" sizes=\"(max-width: 300px) 100vw, 300px\" \/><\/div>\n\t\t<\/a>\n\t\t\t\t<div class=\"elementor-post__text\">\n\t\t\t\t<h3 class=\"elementor-post__title\">\n\t\t\t<a href=\"https:\/\/centrumpracy24.pl\/de\/rechte-und-pflichten-von-betreuern-aelterer-menschen-in-deutschland\/\" >\n\t\t\t\t<strong>Rechte und Pflichten von Betreuern \u00e4lterer Menschen in Deutschland<\/strong>\t\t\t<\/a>\n\t\t<\/h3>\n\t\t\t\t<\/div>\n\t\t\t\t<\/article>\n\t\t\t\t<\/div>\n\t\t\n\t\t\t\t\t\t<\/div>\n\t\t\t\t<\/div>\n\t\t\t\t\t<\/div>\n\t\t<\/div>\n\t\t\t\t\t<\/div>\n\t\t<\/section>\n\t\t\t\t\t<\/div>\n\t\t<\/div>\n\t\t\t\t\t<\/div>\n\t\t<\/section>\n\t\t\t\t<\/div>\n\t\t","protected":false},"excerpt":{"rendered":"<p>Herbst Herbst und Pflege \u2013 die Sch\u00f6nheit des Alltags in der Arbeit als Pflegekraft Der Herbst ist eine Jahreszeit voller Reflexion. K\u00fcrzere Tage, bunte Bl\u00e4tter und der Duft von Tee mit Zimt und Nelken erinnern uns daran, dass jede Lebensphase ihren ganz eigenen Zauber hat. Genauso ist es in der Arbeit als Betreuungskraft f\u00fcr Senioren<\/p>\n","protected":false},"author":1,"featured_media":0,"parent":0,"menu_order":0,"comment_status":"closed","ping_status":"closed","template":"","meta":{"_acf_changed":false,"site-sidebar-layout":"no-sidebar","site-content-layout":"page-builder","ast-site-content-layout":"full-width-container","site-content-style":"unboxed","site-sidebar-style":"unboxed","ast-global-header-display":"","ast-banner-title-visibility":"","ast-main-header-display":"","ast-hfb-above-header-display":"","ast-hfb-below-header-display":"","ast-hfb-mobile-header-display":"","site-post-title":"","ast-breadcrumbs-content":"","ast-featured-img":"disabled","footer-sml-layout":"","ast-disable-related-posts":"","theme-transparent-header-meta":"","adv-header-id-meta":"","stick-header-meta":"","header-above-stick-meta":"","header-main-stick-meta":"","header-below-stick-meta":"","astra-migrate-meta-layouts":"default","ast-page-background-enabled":"default","ast-page-background-meta":{"desktop":{"background-color":"","background-image":"","background-repeat":"repeat","background-position":"center center","background-size":"auto","background-attachment":"scroll","background-type":"","background-media":"","overlay-type":"","overlay-color":"","overlay-opacity":"","overlay-gradient":""},"tablet":{"background-color":"","background-image":"","background-repeat":"repeat","background-position":"center center","background-size":"auto","background-attachment":"scroll","background-type":"","background-media":"","overlay-type":"","overlay-color":"","overlay-opacity":"","overlay-gradient":""},"mobile":{"background-color":"","background-image":"","background-repeat":"repeat","background-position":"center center","background-size":"auto","background-attachment":"scroll","background-type":"","background-media":"","overlay-type":"","overlay-color":"","overlay-opacity":"","overlay-gradient":""}},"ast-content-background-meta":{"desktop":{"background-color":"var(--ast-global-color-5)","background-image":"","background-repeat":"repeat","background-position":"center center","background-size":"auto","background-attachment":"scroll","background-type":"","background-media":"","overlay-type":"","overlay-color":"","overlay-opacity":"","overlay-gradient":""},"tablet":{"background-color":"var(--ast-global-color-5)","background-image":"","background-repeat":"repeat","background-position":"center center","background-size":"auto","background-attachment":"scroll","background-type":"","background-media":"","overlay-type":"","overlay-color":"","overlay-opacity":"","overlay-gradient":""},"mobile":{"background-color":"var(--ast-global-color-5)","background-image":"","background-repeat":"repeat","background-position":"center center","background-size":"auto","background-attachment":"scroll","background-type":"","background-media":"","overlay-type":"","overlay-color":"","overlay-opacity":"","overlay-gradient":""}},"footnotes":""},"class_list":["post-1824","page","type-page","status-publish","hentry"],"acf":[],"_links":{"self":[{"href":"https:\/\/centrumpracy24.pl\/de\/wp-json\/wp\/v2\/pages\/1824","targetHints":{"allow":["GET"]}}],"collection":[{"href":"https:\/\/centrumpracy24.pl\/de\/wp-json\/wp\/v2\/pages"}],"about":[{"href":"https:\/\/centrumpracy24.pl\/de\/wp-json\/wp\/v2\/types\/page"}],"author":[{"embeddable":true,"href":"https:\/\/centrumpracy24.pl\/de\/wp-json\/wp\/v2\/users\/1"}],"replies":[{"embeddable":true,"href":"https:\/\/centrumpracy24.pl\/de\/wp-json\/wp\/v2\/comments?post=1824"}],"version-history":[{"count":5,"href":"https:\/\/centrumpracy24.pl\/de\/wp-json\/wp\/v2\/pages\/1824\/revisions"}],"predecessor-version":[{"id":2612,"href":"https:\/\/centrumpracy24.pl\/de\/wp-json\/wp\/v2\/pages\/1824\/revisions\/2612"}],"wp:attachment":[{"href":"https:\/\/centrumpracy24.pl\/de\/wp-json\/wp\/v2\/media?parent=1824"}],"curies":[{"name":"wp","href":"https:\/\/api.w.org\/{rel}","templated":true}]}}