{"id":1786,"date":"2023-01-24T10:59:39","date_gmt":"2023-01-24T09:59:39","guid":{"rendered":"https:\/\/centrumpracy24.pl\/?page_id=1786"},"modified":"2025-12-09T11:32:44","modified_gmt":"2025-12-09T10:32:44","slug":"impressum","status":"publish","type":"page","link":"https:\/\/centrumpracy24.pl\/de\/impressum\/","title":{"rendered":"Impressum"},"content":{"rendered":"\t\t<div data-elementor-type=\"wp-page\" data-elementor-id=\"1786\" class=\"elementor elementor-1786\" data-elementor-post-type=\"page\">\n\t\t\t\t\t\t<section class=\"elementor-section elementor-top-section elementor-element elementor-element-61392c2 elementor-section-height-min-height elementor-section-boxed elementor-section-height-default elementor-section-items-middle\" data-id=\"61392c2\" data-element_type=\"section\" data-e-type=\"section\" data-settings=\"{&quot;background_background&quot;:&quot;classic&quot;}\">\n\t\t\t\t\t\t<div class=\"elementor-container elementor-column-gap-no\">\n\t\t\t\t\t<div class=\"elementor-column elementor-col-100 elementor-top-column elementor-element elementor-element-8d928fb\" data-id=\"8d928fb\" data-element_type=\"column\" data-e-type=\"column\">\n\t\t\t<div class=\"elementor-widget-wrap elementor-element-populated\">\n\t\t\t\t\t\t<div class=\"elementor-element elementor-element-311e9db elementor-widget elementor-widget-heading\" data-id=\"311e9db\" data-element_type=\"widget\" data-e-type=\"widget\" data-widget_type=\"heading.default\">\n\t\t\t\t<div class=\"elementor-widget-container\">\n\t\t\t\t\t<h1 class=\"elementor-heading-title elementor-size-default\">Impressum<\/h1>\t\t\t\t<\/div>\n\t\t\t\t<\/div>\n\t\t\t\t<div class=\"elementor-element elementor-element-83bdde7 elementor-widget-divider--view-line elementor-widget elementor-widget-divider\" data-id=\"83bdde7\" data-element_type=\"widget\" data-e-type=\"widget\" data-widget_type=\"divider.default\">\n\t\t\t\t<div class=\"elementor-widget-container\">\n\t\t\t\t\t\t\t<div class=\"elementor-divider\">\n\t\t\t<span class=\"elementor-divider-separator\">\n\t\t\t\t\t\t<\/span>\n\t\t<\/div>\n\t\t\t\t\t\t<\/div>\n\t\t\t\t<\/div>\n\t\t\t\t\t<\/div>\n\t\t<\/div>\n\t\t\t\t\t<\/div>\n\t\t<\/section>\n\t\t\t\t<section class=\"elementor-section elementor-top-section elementor-element elementor-element-b252960 elementor-section-boxed elementor-section-height-default elementor-section-height-default\" data-id=\"b252960\" data-element_type=\"section\" data-e-type=\"section\">\n\t\t\t\t\t\t<div class=\"elementor-container elementor-column-gap-default\">\n\t\t\t\t\t<div class=\"elementor-column elementor-col-100 elementor-top-column elementor-element elementor-element-d0c175c\" data-id=\"d0c175c\" data-element_type=\"column\" data-e-type=\"column\">\n\t\t\t<div class=\"elementor-widget-wrap elementor-element-populated\">\n\t\t\t\t\t\t<div class=\"elementor-element elementor-element-5c77dae elementor-widget elementor-widget-text-editor\" data-id=\"5c77dae\" data-element_type=\"widget\" data-e-type=\"widget\" data-widget_type=\"text-editor.default\">\n\t\t\t\t<div class=\"elementor-widget-container\">\n\t\t\t\t\t\t\t\t\t<p><strong>Centrum Pracy 24 Polska Sp o.o<\/strong><\/p><p><strong>Zygmunta Starego 13\/15<br \/>44-100 Gliwice<br \/>Polen<br \/>Telefon: +48\u00a0517\u00a0327 233<br \/>E-Mail:\u00a0kontakt@centrumpracy24.com<\/strong><br \/>NIP: PL 6312716131<br \/>Handelsregisternummer: KRS 0001060666<br \/>Registergericht: Bezirksgericht In Gliwice<br \/>Statistische Nummer: REGON 526500126<\/p><p>\u00a0<\/p><p>PKD und SIC T\u00e4tigkeitsklassifikationen f\u00fcr Centrum Pracy 24 Polska GmbH:<\/p><p>PKD: Sozialarbeit ohne Unterkunft f\u00fcr \u00e4ltere und behinderte Menschen 88.10.Z<\/p><p>SIC: Pers\u00f6nliche und famili\u00e4re Betreuungsdienste 83229900<\/p>\t\t\t\t\t\t\t\t<\/div>\n\t\t\t\t<\/div>\n\t\t\t\t\t<\/div>\n\t\t<\/div>\n\t\t\t\t\t<\/div>\n\t\t<\/section>\n\t\t\t\t<\/div>\n\t\t","protected":false},"excerpt":{"rendered":"<p>Centrum Pracy 24 Polska Sp o.o Zygmunta Starego 13\/1544-100 GliwicePolenTelefon: +48\u00a0517\u00a0327 233E-Mail:\u00a0kontakt@centrumpracy24.comNIP: PL 6312716131Handelsregisternummer: KRS 0001060666Registergericht: Bezirksgericht In GliwiceStatistische Nummer: REGON 526500126 \u00a0 PKD und SIC T\u00e4tigkeitsklassifikationen f\u00fcr Centrum Pracy 24 Polska GmbH: PKD: Sozialarbeit ohne Unterkunft f\u00fcr \u00e4ltere und behinderte Menschen 88.10.Z SIC: Pers\u00f6nliche und famili\u00e4re Betreuungsdienste 83229900<\/p>\n","protected":false},"author":1,"featured_media":0,"parent":0,"menu_order":0,"comment_status":"closed","ping_status":"closed","template":"","meta":{"_acf_changed":false,"site-sidebar-layout":"no-sidebar","site-content-layout":"page-builder","ast-site-content-layout":"default","site-content-style":"default","site-sidebar-style":"default","ast-global-header-display":"","ast-banner-title-visibility":"","ast-main-header-display":"","ast-hfb-above-header-display":"","ast-hfb-below-header-display":"","ast-hfb-mobile-header-display":"","site-post-title":"disabled","ast-breadcrumbs-content":"","ast-featured-img":"disabled","footer-sml-layout":"","ast-disable-related-posts":"","theme-transparent-header-meta":"","adv-header-id-meta":"","stick-header-meta":"","header-above-stick-meta":"","header-main-stick-meta":"","header-below-stick-meta":"","astra-migrate-meta-layouts":"default","ast-page-background-enabled":"default","ast-page-background-meta":{"desktop":{"background-color":"","background-image":"","background-repeat":"repeat","background-position":"center center","background-size":"auto","background-attachment":"scroll","background-type":"","background-media":"","overlay-type":"","overlay-color":"","overlay-opacity":"","overlay-gradient":""},"tablet":{"background-color":"","background-image":"","background-repeat":"repeat","background-position":"center center","background-size":"auto","background-attachment":"scroll","background-type":"","background-media":"","overlay-type":"","overlay-color":"","overlay-opacity":"","overlay-gradient":""},"mobile":{"background-color":"","background-image":"","background-repeat":"repeat","background-position":"center center","background-size":"auto","background-attachment":"scroll","background-type":"","background-media":"","overlay-type":"","overlay-color":"","overlay-opacity":"","overlay-gradient":""}},"ast-content-background-meta":{"desktop":{"background-color":"var(--ast-global-color-5)","background-image":"","background-repeat":"repeat","background-position":"center center","background-size":"auto","background-attachment":"scroll","background-type":"","background-media":"","overlay-type":"","overlay-color":"","overlay-opacity":"","overlay-gradient":""},"tablet":{"background-color":"var(--ast-global-color-5)","background-image":"","background-repeat":"repeat","background-position":"center center","background-size":"auto","background-attachment":"scroll","background-type":"","background-media":"","overlay-type":"","overlay-color":"","overlay-opacity":"","overlay-gradient":""},"mobile":{"background-color":"var(--ast-global-color-5)","background-image":"","background-repeat":"repeat","background-position":"center center","background-size":"auto","background-attachment":"scroll","background-type":"","background-media":"","overlay-type":"","overlay-color":"","overlay-opacity":"","overlay-gradient":""}},"footnotes":""},"class_list":["post-1786","page","type-page","status-publish","hentry"],"acf":[],"_links":{"self":[{"href":"https:\/\/centrumpracy24.pl\/de\/wp-json\/wp\/v2\/pages\/1786","targetHints":{"allow":["GET"]}}],"collection":[{"href":"https:\/\/centrumpracy24.pl\/de\/wp-json\/wp\/v2\/pages"}],"about":[{"href":"https:\/\/centrumpracy24.pl\/de\/wp-json\/wp\/v2\/types\/page"}],"author":[{"embeddable":true,"href":"https:\/\/centrumpracy24.pl\/de\/wp-json\/wp\/v2\/users\/1"}],"replies":[{"embeddable":true,"href":"https:\/\/centrumpracy24.pl\/de\/wp-json\/wp\/v2\/comments?post=1786"}],"version-history":[{"count":10,"href":"https:\/\/centrumpracy24.pl\/de\/wp-json\/wp\/v2\/pages\/1786\/revisions"}],"predecessor-version":[{"id":2818,"href":"https:\/\/centrumpracy24.pl\/de\/wp-json\/wp\/v2\/pages\/1786\/revisions\/2818"}],"wp:attachment":[{"href":"https:\/\/centrumpracy24.pl\/de\/wp-json\/wp\/v2\/media?parent=1786"}],"curies":[{"name":"wp","href":"https:\/\/api.w.org\/{rel}","templated":true}]}}