{"id":1778,"date":"2023-01-24T10:53:43","date_gmt":"2023-01-24T09:53:43","guid":{"rendered":"https:\/\/centrumpracy24.pl\/?page_id=1778"},"modified":"2025-12-09T11:46:01","modified_gmt":"2025-12-09T10:46:01","slug":"suche-nach-mitarbeitern","status":"publish","type":"page","link":"https:\/\/centrumpracy24.pl\/de\/suche-nach-mitarbeitern\/","title":{"rendered":"Suche nach mitarbeitern"},"content":{"rendered":"\t\t<div data-elementor-type=\"wp-page\" data-elementor-id=\"1778\" class=\"elementor elementor-1778\" data-elementor-post-type=\"page\">\n\t\t\t\t\t\t<section class=\"elementor-section elementor-top-section elementor-element elementor-element-7fdf3932 elementor-section-height-min-height elementor-section-boxed elementor-section-height-default elementor-section-items-middle\" data-id=\"7fdf3932\" data-element_type=\"section\" data-e-type=\"section\" data-settings=\"{&quot;background_background&quot;:&quot;classic&quot;}\">\n\t\t\t\t\t\t<div class=\"elementor-container elementor-column-gap-no\">\n\t\t\t\t\t<div class=\"elementor-column elementor-col-100 elementor-top-column elementor-element elementor-element-471b85dd\" data-id=\"471b85dd\" data-element_type=\"column\" data-e-type=\"column\">\n\t\t\t<div class=\"elementor-widget-wrap elementor-element-populated\">\n\t\t\t\t\t\t<div class=\"elementor-element elementor-element-26435beb elementor-widget elementor-widget-heading\" data-id=\"26435beb\" data-element_type=\"widget\" data-e-type=\"widget\" data-widget_type=\"heading.default\">\n\t\t\t\t<div class=\"elementor-widget-container\">\n\t\t\t\t\t<h1 class=\"elementor-heading-title elementor-size-default\">Suche nach mitarbeitern<\/h1>\t\t\t\t<\/div>\n\t\t\t\t<\/div>\n\t\t\t\t<div class=\"elementor-element elementor-element-31463e14 elementor-widget-divider--view-line elementor-widget elementor-widget-divider\" data-id=\"31463e14\" data-element_type=\"widget\" data-e-type=\"widget\" data-widget_type=\"divider.default\">\n\t\t\t\t<div class=\"elementor-widget-container\">\n\t\t\t\t\t\t\t<div class=\"elementor-divider\">\n\t\t\t<span class=\"elementor-divider-separator\">\n\t\t\t\t\t\t<\/span>\n\t\t<\/div>\n\t\t\t\t\t\t<\/div>\n\t\t\t\t<\/div>\n\t\t\t\t\t<\/div>\n\t\t<\/div>\n\t\t\t\t\t<\/div>\n\t\t<\/section>\n\t\t\t\t<section class=\"elementor-section elementor-top-section elementor-element elementor-element-1e15d32 elementor-section-height-min-height elementor-section-boxed elementor-section-height-default elementor-section-items-middle\" data-id=\"1e15d32\" data-element_type=\"section\" data-e-type=\"section\" data-settings=\"{&quot;background_background&quot;:&quot;classic&quot;}\">\n\t\t\t\t\t\t<div class=\"elementor-container elementor-column-gap-no\">\n\t\t\t\t\t<div class=\"elementor-column elementor-col-100 elementor-top-column elementor-element elementor-element-eb0f1db\" data-id=\"eb0f1db\" data-element_type=\"column\" data-e-type=\"column\">\n\t\t\t<div class=\"elementor-widget-wrap elementor-element-populated\">\n\t\t\t\t\t\t<section class=\"elementor-section elementor-inner-section elementor-element elementor-element-187d7e50 elementor-section-boxed elementor-section-height-default elementor-section-height-default\" data-id=\"187d7e50\" data-element_type=\"section\" data-e-type=\"section\">\n\t\t\t\t\t\t<div class=\"elementor-container elementor-column-gap-default\">\n\t\t\t\t\t<div class=\"elementor-column elementor-col-50 elementor-inner-column elementor-element elementor-element-11488ded\" data-id=\"11488ded\" data-element_type=\"column\" data-e-type=\"column\">\n\t\t\t<div class=\"elementor-widget-wrap elementor-element-populated\">\n\t\t\t\t\t\t<div class=\"elementor-element elementor-element-9824f1d elementor-widget elementor-widget-text-editor\" data-id=\"9824f1d\" data-element_type=\"widget\" data-e-type=\"widget\" data-widget_type=\"text-editor.default\">\n\t\t\t\t<div class=\"elementor-widget-container\">\n\t\t\t\t\t\t\t\t\t<p>Centrum Pracy 24 Polska Sp z o. o. (Zentrum f\u00fcr Arbeit 24 Polen GmbH) mit Sitz in Gliwice (Gleiwitz) in Polen besch\u00e4ftigt sich mit Unterst\u00fctzung der Senioren durch Betreuung in eigenen vier W\u00e4nden.\u00a0<\/p><p>Wir vermitteln polnische Pflegekr\u00e4te nach Deutschland und seit kurzem auch Betreuerinnen\/Betreuer aus der Ukraine.<\/p><p>Die\u00a0 Pflegerinnen\/Pfleger haben mit uns einen Vertrag, sind aber in Deutschland versichert. Unsere Firma zahlt die Sozial und Krankenversicherung direkt in Deutschland. Das Betreuungspersonal hat z. B. eine deutsche Krankenversicherungskarte.<\/p><p>Wir haben f\u00fcr Sie eine umfangreiche Datenbank von potentielen Mitarbeitern (ungef\u00e4hr 150 Betreuer) die gerne nach Deutschland zur Arbeit kommen m\u00f6chten.<\/p><p>Au\u00dferdem arbeiten wir mit vielen deutschen Agenturen zusammen, mit einigen schon, seid vielen Jahren. Wir haben ung\u00e4fahr 60 unterschriebene Vertr\u00e4ge mit deutschen Familien bei denen unsere Betr\u00e4uer arbeiten.<\/p><p><span style=\"font-style: inherit; font-weight: inherit;\">Langj\u00e4hrige Erfahrung bei der Betreuung von Senioren und gepr\u00fcfte Betreuerinnen, mit denen wir l\u00e4nger zusammenarbeiten, helfen uns ein\u00a0 verantwortliches Personal auszuw\u00e4hlen. Wir haben qualifizierte Mitarbeiter, die deutsch sprechen k\u00f6nnen, Erfahrung in der Pflege haben, und \u00fcber Kentnnisse und F\u00e4higkeiten besitzen die eine zuverl\u00e4ssige und verantwortliche Betreuung gew\u00e4hrleisten.<\/span><\/p>\t\t\t\t\t\t\t\t<\/div>\n\t\t\t\t<\/div>\n\t\t\t\t\t<\/div>\n\t\t<\/div>\n\t\t\t\t<div class=\"elementor-column elementor-col-50 elementor-inner-column elementor-element elementor-element-6691da10\" data-id=\"6691da10\" data-element_type=\"column\" data-e-type=\"column\">\n\t\t\t<div class=\"elementor-widget-wrap elementor-element-populated\">\n\t\t\t\t\t\t<div class=\"elementor-element elementor-element-5894a06c elementor-widget elementor-widget-image\" data-id=\"5894a06c\" data-element_type=\"widget\" data-e-type=\"widget\" data-widget_type=\"image.default\">\n\t\t\t\t<div class=\"elementor-widget-container\">\n\t\t\t\t\t\t\t\t\t\t\t\t\t\t\t<img fetchpriority=\"high\" decoding=\"async\" width=\"1500\" height=\"1000\" src=\"https:\/\/centrumpracy24.pl\/wp-content\/uploads\/2022\/11\/senior-man-with-helpful-volunteer-in-the-garden-of-2021-08-27-09-26-57-utc.jpg\" class=\"attachment-full size-full wp-image-1747\" alt=\"\" srcset=\"https:\/\/centrumpracy24.pl\/wp-content\/uploads\/2022\/11\/senior-man-with-helpful-volunteer-in-the-garden-of-2021-08-27-09-26-57-utc.jpg 1500w, https:\/\/centrumpracy24.pl\/wp-content\/uploads\/2022\/11\/senior-man-with-helpful-volunteer-in-the-garden-of-2021-08-27-09-26-57-utc-300x200.jpg 300w, https:\/\/centrumpracy24.pl\/wp-content\/uploads\/2022\/11\/senior-man-with-helpful-volunteer-in-the-garden-of-2021-08-27-09-26-57-utc-1024x683.jpg 1024w, https:\/\/centrumpracy24.pl\/wp-content\/uploads\/2022\/11\/senior-man-with-helpful-volunteer-in-the-garden-of-2021-08-27-09-26-57-utc-768x512.jpg 768w\" sizes=\"(max-width: 1500px) 100vw, 1500px\" \/>\t\t\t\t\t\t\t\t\t\t\t\t\t\t\t<\/div>\n\t\t\t\t<\/div>\n\t\t\t\t<div class=\"elementor-element elementor-element-93c9992 elementor-widget elementor-widget-image\" data-id=\"93c9992\" data-element_type=\"widget\" data-e-type=\"widget\" data-widget_type=\"image.default\">\n\t\t\t\t<div class=\"elementor-widget-container\">\n\t\t\t\t\t\t\t\t\t\t\t\t\t\t\t<img decoding=\"async\" width=\"1400\" height=\"933\" src=\"https:\/\/centrumpracy24.pl\/wp-content\/uploads\/2022\/12\/Opieka-nad-seniorami-w-niemczech-4.jpg\" class=\"attachment-full size-full wp-image-1759\" alt=\"\" srcset=\"https:\/\/centrumpracy24.pl\/wp-content\/uploads\/2022\/12\/Opieka-nad-seniorami-w-niemczech-4.jpg 1400w, https:\/\/centrumpracy24.pl\/wp-content\/uploads\/2022\/12\/Opieka-nad-seniorami-w-niemczech-4-300x200.jpg 300w, https:\/\/centrumpracy24.pl\/wp-content\/uploads\/2022\/12\/Opieka-nad-seniorami-w-niemczech-4-1024x682.jpg 1024w, https:\/\/centrumpracy24.pl\/wp-content\/uploads\/2022\/12\/Opieka-nad-seniorami-w-niemczech-4-768x512.jpg 768w\" sizes=\"(max-width: 1400px) 100vw, 1400px\" \/>\t\t\t\t\t\t\t\t\t\t\t\t\t\t\t<\/div>\n\t\t\t\t<\/div>\n\t\t\t\t\t<\/div>\n\t\t<\/div>\n\t\t\t\t\t<\/div>\n\t\t<\/section>\n\t\t\t\t\t<\/div>\n\t\t<\/div>\n\t\t\t\t\t<\/div>\n\t\t<\/section>\n\t\t\t\t<\/div>\n\t\t","protected":false},"excerpt":{"rendered":"<p>Centrum Pracy 24 Polska Sp z o. o. (Zentrum f\u00fcr Arbeit 24 Polen GmbH) mit Sitz in Gliwice (Gleiwitz) in Polen besch\u00e4ftigt sich mit Unterst\u00fctzung der Senioren durch Betreuung in eigenen vier W\u00e4nden.\u00a0 Wir vermitteln polnische Pflegekr\u00e4te nach Deutschland und seit kurzem auch Betreuerinnen\/Betreuer aus der Ukraine. Die\u00a0 Pflegerinnen\/Pfleger haben mit uns einen Vertrag, sind [&hellip;]<\/p>\n","protected":false},"author":1,"featured_media":0,"parent":0,"menu_order":0,"comment_status":"closed","ping_status":"closed","template":"","meta":{"_acf_changed":false,"site-sidebar-layout":"no-sidebar","site-content-layout":"page-builder","ast-site-content-layout":"default","site-content-style":"default","site-sidebar-style":"default","ast-global-header-display":"","ast-banner-title-visibility":"","ast-main-header-display":"","ast-hfb-above-header-display":"","ast-hfb-below-header-display":"","ast-hfb-mobile-header-display":"","site-post-title":"disabled","ast-breadcrumbs-content":"","ast-featured-img":"disabled","footer-sml-layout":"","ast-disable-related-posts":"","theme-transparent-header-meta":"","adv-header-id-meta":"","stick-header-meta":"","header-above-stick-meta":"","header-main-stick-meta":"","header-below-stick-meta":"","astra-migrate-meta-layouts":"default","ast-page-background-enabled":"default","ast-page-background-meta":{"desktop":{"background-color":"","background-image":"","background-repeat":"repeat","background-position":"center center","background-size":"auto","background-attachment":"scroll","background-type":"","background-media":"","overlay-type":"","overlay-color":"","overlay-opacity":"","overlay-gradient":""},"tablet":{"background-color":"","background-image":"","background-repeat":"repeat","background-position":"center center","background-size":"auto","background-attachment":"scroll","background-type":"","background-media":"","overlay-type":"","overlay-color":"","overlay-opacity":"","overlay-gradient":""},"mobile":{"background-color":"","background-image":"","background-repeat":"repeat","background-position":"center center","background-size":"auto","background-attachment":"scroll","background-type":"","background-media":"","overlay-type":"","overlay-color":"","overlay-opacity":"","overlay-gradient":""}},"ast-content-background-meta":{"desktop":{"background-color":"var(--ast-global-color-5)","background-image":"","background-repeat":"repeat","background-position":"center center","background-size":"auto","background-attachment":"scroll","background-type":"","background-media":"","overlay-type":"","overlay-color":"","overlay-opacity":"","overlay-gradient":""},"tablet":{"background-color":"var(--ast-global-color-5)","background-image":"","background-repeat":"repeat","background-position":"center center","background-size":"auto","background-attachment":"scroll","background-type":"","background-media":"","overlay-type":"","overlay-color":"","overlay-opacity":"","overlay-gradient":""},"mobile":{"background-color":"var(--ast-global-color-5)","background-image":"","background-repeat":"repeat","background-position":"center center","background-size":"auto","background-attachment":"scroll","background-type":"","background-media":"","overlay-type":"","overlay-color":"","overlay-opacity":"","overlay-gradient":""}},"footnotes":""},"class_list":["post-1778","page","type-page","status-publish","hentry"],"acf":[],"_links":{"self":[{"href":"https:\/\/centrumpracy24.pl\/de\/wp-json\/wp\/v2\/pages\/1778","targetHints":{"allow":["GET"]}}],"collection":[{"href":"https:\/\/centrumpracy24.pl\/de\/wp-json\/wp\/v2\/pages"}],"about":[{"href":"https:\/\/centrumpracy24.pl\/de\/wp-json\/wp\/v2\/types\/page"}],"author":[{"embeddable":true,"href":"https:\/\/centrumpracy24.pl\/de\/wp-json\/wp\/v2\/users\/1"}],"replies":[{"embeddable":true,"href":"https:\/\/centrumpracy24.pl\/de\/wp-json\/wp\/v2\/comments?post=1778"}],"version-history":[{"count":55,"href":"https:\/\/centrumpracy24.pl\/de\/wp-json\/wp\/v2\/pages\/1778\/revisions"}],"predecessor-version":[{"id":2830,"href":"https:\/\/centrumpracy24.pl\/de\/wp-json\/wp\/v2\/pages\/1778\/revisions\/2830"}],"wp:attachment":[{"href":"https:\/\/centrumpracy24.pl\/de\/wp-json\/wp\/v2\/media?parent=1778"}],"curies":[{"name":"wp","href":"https:\/\/api.w.org\/{rel}","templated":true}]}}